{"id":694,"date":"2023-12-17T18:04:45","date_gmt":"2023-12-17T18:04:45","guid":{"rendered":"https:\/\/www.eswtag.ch\/?page_id=694"},"modified":"2024-01-15T12:21:47","modified_gmt":"2024-01-15T12:21:47","slug":"referenzen","status":"publish","type":"page","link":"https:\/\/www.eswtag.ch\/en\/referenzen\/","title":{"rendered":"References"},"content":{"rendered":"<div data-elementor-type=\"wp-page\" data-elementor-id=\"694\" class=\"elementor elementor-694\" data-elementor-post-type=\"page\">\n\t\t\t\t<div class=\"elementor-element elementor-element-259615bb e-flex e-con-boxed e-con e-parent\" data-id=\"259615bb\" data-element_type=\"container\" data-settings=\"{&quot;background_background&quot;:&quot;classic&quot;}\">\n\t\t\t\t\t<div class=\"e-con-inner\">\n\t\t<div class=\"elementor-element elementor-element-474ba37 e-flex e-con-boxed e-con e-child\" data-id=\"474ba37\" data-element_type=\"container\">\n\t\t\t\t\t<div class=\"e-con-inner\">\n\t\t\t\t<div class=\"elementor-element elementor-element-ddeac92 elementor-widget elementor-widget-heading\" data-id=\"ddeac92\" data-element_type=\"widget\" data-widget_type=\"heading.default\">\n\t\t\t\t<div class=\"elementor-widget-container\">\n\t\t\t<h2 class=\"elementor-heading-title elementor-size-default\">Pharmaceutical industry<\/h2>\t\t<\/div>\n\t\t\t\t<\/div>\n\t\t\t\t<div class=\"elementor-element elementor-element-7f8bed6 elementor-icon-list--layout-traditional elementor-list-item-link-full_width elementor-widget elementor-widget-icon-list\" data-id=\"7f8bed6\" data-element_type=\"widget\" data-widget_type=\"icon-list.default\">\n\t\t\t\t<div class=\"elementor-widget-container\">\n\t\t\t\t\t<ul class=\"elementor-icon-list-items\">\n\t\t\t\t\t\t\t<li class=\"elementor-icon-list-item\">\n\t\t\t\t\t\t\t\t\t\t\t<span class=\"elementor-icon-list-icon\">\n\t\t\t\t\t\t\t<svg xmlns=\"http:\/\/www.w3.org\/2000\/svg\" height=\"48\" viewbox=\"0 -960 960 960\" width=\"48\"><path d=\"m202-160-42-42 498-498H364v-60h396v396h-60v-294L202-160Z\"><\/path><\/svg>\t\t\t\t\t\t<\/span>\n\t\t\t\t\t\t\t\t\t\t<span class=\"elementor-icon-list-text\">Vogelbusch, GmbH, Austria<\/span>\n\t\t\t\t\t\t\t\t\t<\/li>\n\t\t\t\t\t\t\t\t<li class=\"elementor-icon-list-item\">\n\t\t\t\t\t\t\t\t\t\t\t<span class=\"elementor-icon-list-icon\">\n\t\t\t\t\t\t\t<svg xmlns=\"http:\/\/www.w3.org\/2000\/svg\" height=\"48\" viewbox=\"0 -960 960 960\" width=\"48\"><path d=\"m202-160-42-42 498-498H364v-60h396v396h-60v-294L202-160Z\"><\/path><\/svg>\t\t\t\t\t\t<\/span>\n\t\t\t\t\t\t\t\t\t\t<span class=\"elementor-icon-list-text\">Anlagenbau Austria GmbH<\/span>\n\t\t\t\t\t\t\t\t\t<\/li>\n\t\t\t\t\t\t\t\t<li class=\"elementor-icon-list-item\">\n\t\t\t\t\t\t\t\t\t\t\t<span class=\"elementor-icon-list-icon\">\n\t\t\t\t\t\t\t<svg xmlns=\"http:\/\/www.w3.org\/2000\/svg\" height=\"48\" viewbox=\"0 -960 960 960\" width=\"48\"><path d=\"m202-160-42-42 498-498H364v-60h396v396h-60v-294L202-160Z\"><\/path><\/svg>\t\t\t\t\t\t<\/span>\n\t\t\t\t\t\t\t\t\t\t<span class=\"elementor-icon-list-text\">BAP GmbH<\/span>\n\t\t\t\t\t\t\t\t\t<\/li>\n\t\t\t\t\t\t\t\t<li class=\"elementor-icon-list-item\">\n\t\t\t\t\t\t\t\t\t\t\t<span class=\"elementor-icon-list-icon\">\n\t\t\t\t\t\t\t<svg xmlns=\"http:\/\/www.w3.org\/2000\/svg\" height=\"48\" viewbox=\"0 -960 960 960\" width=\"48\"><path d=\"m202-160-42-42 498-498H364v-60h396v396h-60v-294L202-160Z\"><\/path><\/svg>\t\t\t\t\t\t<\/span>\n\t\t\t\t\t\t\t\t\t\t<span class=\"elementor-icon-list-text\">Optima Group Pharma GmbH, Germany<\/span>\n\t\t\t\t\t\t\t\t\t<\/li>\n\t\t\t\t\t\t\t\t<li class=\"elementor-icon-list-item\">\n\t\t\t\t\t\t\t\t\t\t\t<span class=\"elementor-icon-list-icon\">\n\t\t\t\t\t\t\t<svg xmlns=\"http:\/\/www.w3.org\/2000\/svg\" height=\"48\" viewbox=\"0 -960 960 960\" width=\"48\"><path d=\"m202-160-42-42 498-498H364v-60h396v396h-60v-294L202-160Z\"><\/path><\/svg>\t\t\t\t\t\t<\/span>\n\t\t\t\t\t\t\t\t\t\t<span class=\"elementor-icon-list-text\">PAA Pasching Linz, Austria<\/span>\n\t\t\t\t\t\t\t\t\t<\/li>\n\t\t\t\t\t\t<\/ul>\n\t\t\t\t<\/div>\n\t\t\t\t<\/div>\n\t\t\t\t\t<\/div>\n\t\t\t\t<\/div>\n\t\t<div class=\"elementor-element elementor-element-5e0e83b e-flex e-con-boxed e-con e-child\" data-id=\"5e0e83b\" data-element_type=\"container\">\n\t\t\t\t\t<div class=\"e-con-inner\">\n\t\t\t\t<div class=\"elementor-element elementor-element-edc0d9a elementor-widget elementor-widget-heading\" data-id=\"edc0d9a\" data-element_type=\"widget\" data-widget_type=\"heading.default\">\n\t\t\t\t<div class=\"elementor-widget-container\">\n\t\t\t<h2 class=\"elementor-heading-title elementor-size-default\">Food industry<\/h2>\t\t<\/div>\n\t\t\t\t<\/div>\n\t\t\t\t<div class=\"elementor-element elementor-element-a47c742 elementor-icon-list--layout-traditional elementor-list-item-link-full_width elementor-widget elementor-widget-icon-list\" data-id=\"a47c742\" data-element_type=\"widget\" data-widget_type=\"icon-list.default\">\n\t\t\t\t<div class=\"elementor-widget-container\">\n\t\t\t\t\t<ul class=\"elementor-icon-list-items\">\n\t\t\t\t\t\t\t<li class=\"elementor-icon-list-item\">\n\t\t\t\t\t\t\t\t\t\t\t<span class=\"elementor-icon-list-icon\">\n\t\t\t\t\t\t\t<svg xmlns=\"http:\/\/www.w3.org\/2000\/svg\" height=\"48\" viewbox=\"0 -960 960 960\" width=\"48\"><path d=\"m202-160-42-42 498-498H364v-60h396v396h-60v-294L202-160Z\"><\/path><\/svg>\t\t\t\t\t\t<\/span>\n\t\t\t\t\t\t\t\t\t\t<span class=\"elementor-icon-list-text\">IABG Industrieanlagenbau GmbH<\/span>\n\t\t\t\t\t\t\t\t\t<\/li>\n\t\t\t\t\t\t\t\t<li class=\"elementor-icon-list-item\">\n\t\t\t\t\t\t\t\t\t\t\t<span class=\"elementor-icon-list-icon\">\n\t\t\t\t\t\t\t<svg xmlns=\"http:\/\/www.w3.org\/2000\/svg\" height=\"48\" viewbox=\"0 -960 960 960\" width=\"48\"><path d=\"m202-160-42-42 498-498H364v-60h396v396h-60v-294L202-160Z\"><\/path><\/svg>\t\t\t\t\t\t<\/span>\n\t\t\t\t\t\t\t\t\t\t<span class=\"elementor-icon-list-text\">Petr Harloff Stainless Steel Centre, Ltd.<\/span>\n\t\t\t\t\t\t\t\t\t<\/li>\n\t\t\t\t\t\t<\/ul>\n\t\t\t\t<\/div>\n\t\t\t\t<\/div>\n\t\t\t\t\t<\/div>\n\t\t\t\t<\/div>\n\t\t\t\t\t<\/div>\n\t\t\t\t<\/div>\n\t\t\t\t<\/div>","protected":false},"excerpt":{"rendered":"<p>Pharmaceutical industry Vogelbusch, GmbH, Austria Anlagenbau \u00d6sterreich GmbH BAP GmbH Optima Group Pharma GmbH, Germany PAA Pasching Linz, Austria Food industry IABG Industrieanlagenbau GmbH Petr Harloff Edelstahlzentrum, GmbH<\/p>","protected":false},"author":1,"featured_media":0,"parent":0,"menu_order":0,"comment_status":"closed","ping_status":"closed","template":"","meta":{"footnotes":""},"class_list":["post-694","page","type-page","status-publish","hentry"],"blocksy_meta":{"vertical_spacing_source":"custom","content_area_spacing":"none","styles_descriptor":{"styles":{"desktop":"","tablet":"","mobile":""},"google_fonts":[],"version":6}},"yoast_head":"<!-- This site is optimized with the Yoast SEO plugin v27.5 - https:\/\/yoast.com\/product\/yoast-seo-wordpress\/ -->\n<title>Referenzen - ESWT AG<\/title>\n<meta name=\"robots\" content=\"index, follow, max-snippet:-1, max-image-preview:large, max-video-preview:-1\" \/>\n<link rel=\"canonical\" href=\"https:\/\/www.eswtag.ch\/en\/referenzen\/\" \/>\n<meta property=\"og:locale\" content=\"en_GB\" \/>\n<meta property=\"og:type\" content=\"article\" \/>\n<meta property=\"og:title\" content=\"Referenzen - ESWT AG\" \/>\n<meta property=\"og:description\" content=\"Pharmaindustrie Vogelbusch, GmbH, \u00d6sterreich Anlagenbau \u00d6sterreich GmbH BAP GmbH Optima Group Pharma GmbH, Deutschland PAA Pasching Linz, \u00d6sterreich Lebensmittelindustrie IABG Industrieanlagenbau GmbH Petr Harloff Edelstahlzentrum, GmbH\" \/>\n<meta property=\"og:url\" content=\"https:\/\/www.eswtag.ch\/en\/referenzen\/\" \/>\n<meta property=\"og:site_name\" content=\"ESWT AG\" \/>\n<meta property=\"article:publisher\" content=\"https:\/\/www.facebook.com\/eswtsro\" \/>\n<meta property=\"article:modified_time\" content=\"2024-01-15T12:21:47+00:00\" \/>\n<meta name=\"twitter:card\" content=\"summary_large_image\" \/>\n<script type=\"application\/ld+json\" class=\"yoast-schema-graph\">{\"@context\":\"https:\\\/\\\/schema.org\",\"@graph\":[{\"@type\":\"WebPage\",\"@id\":\"https:\\\/\\\/www.eswtag.ch\\\/referenzen\\\/\",\"url\":\"https:\\\/\\\/www.eswtag.ch\\\/referenzen\\\/\",\"name\":\"Referenzen - ESWT AG\",\"isPartOf\":{\"@id\":\"https:\\\/\\\/www.eswtag.ch\\\/#website\"},\"datePublished\":\"2023-12-17T18:04:45+00:00\",\"dateModified\":\"2024-01-15T12:21:47+00:00\",\"breadcrumb\":{\"@id\":\"https:\\\/\\\/www.eswtag.ch\\\/referenzen\\\/#breadcrumb\"},\"inLanguage\":\"en-GB\",\"potentialAction\":[{\"@type\":\"ReadAction\",\"target\":[\"https:\\\/\\\/www.eswtag.ch\\\/referenzen\\\/\"]}]},{\"@type\":\"BreadcrumbList\",\"@id\":\"https:\\\/\\\/www.eswtag.ch\\\/referenzen\\\/#breadcrumb\",\"itemListElement\":[{\"@type\":\"ListItem\",\"position\":1,\"name\":\"Home\",\"item\":\"https:\\\/\\\/www.eswtag.ch\\\/\"},{\"@type\":\"ListItem\",\"position\":2,\"name\":\"Referenzen\"}]},{\"@type\":\"WebSite\",\"@id\":\"https:\\\/\\\/www.eswtag.ch\\\/#website\",\"url\":\"https:\\\/\\\/www.eswtag.ch\\\/\",\"name\":\"ESWT AG\",\"description\":\"Engineering Service Welding Technology\",\"publisher\":{\"@id\":\"https:\\\/\\\/www.eswtag.ch\\\/#organization\"},\"potentialAction\":[{\"@type\":\"SearchAction\",\"target\":{\"@type\":\"EntryPoint\",\"urlTemplate\":\"https:\\\/\\\/www.eswtag.ch\\\/?s={search_term_string}\"},\"query-input\":{\"@type\":\"PropertyValueSpecification\",\"valueRequired\":true,\"valueName\":\"search_term_string\"}}],\"inLanguage\":\"en-GB\"},{\"@type\":\"Organization\",\"@id\":\"https:\\\/\\\/www.eswtag.ch\\\/#organization\",\"name\":\"ESWT AG\",\"alternateName\":\"Engineering Service Welding Technology\",\"url\":\"https:\\\/\\\/www.eswtag.ch\\\/\",\"logo\":{\"@type\":\"ImageObject\",\"inLanguage\":\"en-GB\",\"@id\":\"https:\\\/\\\/www.eswtag.ch\\\/#\\\/schema\\\/logo\\\/image\\\/\",\"url\":\"https:\\\/\\\/www.eswtag.ch\\\/wp-content\\\/uploads\\\/2023\\\/12\\\/eswt_ag_favicon.jpg\",\"contentUrl\":\"https:\\\/\\\/www.eswtag.ch\\\/wp-content\\\/uploads\\\/2023\\\/12\\\/eswt_ag_favicon.jpg\",\"width\":300,\"height\":300,\"caption\":\"ESWT AG\"},\"image\":{\"@id\":\"https:\\\/\\\/www.eswtag.ch\\\/#\\\/schema\\\/logo\\\/image\\\/\"},\"sameAs\":[\"https:\\\/\\\/www.facebook.com\\\/eswtsro\",\"https:\\\/\\\/www.linkedin.com\\\/company\\\/eswt\\\/\"]}]}<\/script>\n<!-- \/ Yoast SEO plugin. -->","yoast_head_json":{"title":"Referenzen - ESWT AG","robots":{"index":"index","follow":"follow","max-snippet":"max-snippet:-1","max-image-preview":"max-image-preview:large","max-video-preview":"max-video-preview:-1"},"canonical":"https:\/\/www.eswtag.ch\/en\/referenzen\/","og_locale":"en_GB","og_type":"article","og_title":"Referenzen - ESWT AG","og_description":"Pharmaindustrie Vogelbusch, GmbH, \u00d6sterreich Anlagenbau \u00d6sterreich GmbH BAP GmbH Optima Group Pharma GmbH, Deutschland PAA Pasching Linz, \u00d6sterreich Lebensmittelindustrie IABG Industrieanlagenbau GmbH Petr Harloff Edelstahlzentrum, GmbH","og_url":"https:\/\/www.eswtag.ch\/en\/referenzen\/","og_site_name":"ESWT AG","article_publisher":"https:\/\/www.facebook.com\/eswtsro","article_modified_time":"2024-01-15T12:21:47+00:00","twitter_card":"summary_large_image","schema":{"@context":"https:\/\/schema.org","@graph":[{"@type":"WebPage","@id":"https:\/\/www.eswtag.ch\/referenzen\/","url":"https:\/\/www.eswtag.ch\/referenzen\/","name":"Referenzen - ESWT AG","isPartOf":{"@id":"https:\/\/www.eswtag.ch\/#website"},"datePublished":"2023-12-17T18:04:45+00:00","dateModified":"2024-01-15T12:21:47+00:00","breadcrumb":{"@id":"https:\/\/www.eswtag.ch\/referenzen\/#breadcrumb"},"inLanguage":"en-GB","potentialAction":[{"@type":"ReadAction","target":["https:\/\/www.eswtag.ch\/referenzen\/"]}]},{"@type":"BreadcrumbList","@id":"https:\/\/www.eswtag.ch\/referenzen\/#breadcrumb","itemListElement":[{"@type":"ListItem","position":1,"name":"Home","item":"https:\/\/www.eswtag.ch\/"},{"@type":"ListItem","position":2,"name":"Referenzen"}]},{"@type":"WebSite","@id":"https:\/\/www.eswtag.ch\/#website","url":"https:\/\/www.eswtag.ch\/","name":"ESWT AG","description":"Engineering Service Welding Technology","publisher":{"@id":"https:\/\/www.eswtag.ch\/#organization"},"potentialAction":[{"@type":"SearchAction","target":{"@type":"EntryPoint","urlTemplate":"https:\/\/www.eswtag.ch\/?s={search_term_string}"},"query-input":{"@type":"PropertyValueSpecification","valueRequired":true,"valueName":"search_term_string"}}],"inLanguage":"en-GB"},{"@type":"Organization","@id":"https:\/\/www.eswtag.ch\/#organization","name":"ESWT AG","alternateName":"Engineering Service Welding Technology","url":"https:\/\/www.eswtag.ch\/","logo":{"@type":"ImageObject","inLanguage":"en-GB","@id":"https:\/\/www.eswtag.ch\/#\/schema\/logo\/image\/","url":"https:\/\/www.eswtag.ch\/wp-content\/uploads\/2023\/12\/eswt_ag_favicon.jpg","contentUrl":"https:\/\/www.eswtag.ch\/wp-content\/uploads\/2023\/12\/eswt_ag_favicon.jpg","width":300,"height":300,"caption":"ESWT AG"},"image":{"@id":"https:\/\/www.eswtag.ch\/#\/schema\/logo\/image\/"},"sameAs":["https:\/\/www.facebook.com\/eswtsro","https:\/\/www.linkedin.com\/company\/eswt\/"]}]}},"_links":{"self":[{"href":"https:\/\/www.eswtag.ch\/en\/wp-json\/wp\/v2\/pages\/694","targetHints":{"allow":["GET"]}}],"collection":[{"href":"https:\/\/www.eswtag.ch\/en\/wp-json\/wp\/v2\/pages"}],"about":[{"href":"https:\/\/www.eswtag.ch\/en\/wp-json\/wp\/v2\/types\/page"}],"author":[{"embeddable":true,"href":"https:\/\/www.eswtag.ch\/en\/wp-json\/wp\/v2\/users\/1"}],"replies":[{"embeddable":true,"href":"https:\/\/www.eswtag.ch\/en\/wp-json\/wp\/v2\/comments?post=694"}],"version-history":[{"count":16,"href":"https:\/\/www.eswtag.ch\/en\/wp-json\/wp\/v2\/pages\/694\/revisions"}],"predecessor-version":[{"id":828,"href":"https:\/\/www.eswtag.ch\/en\/wp-json\/wp\/v2\/pages\/694\/revisions\/828"}],"wp:attachment":[{"href":"https:\/\/www.eswtag.ch\/en\/wp-json\/wp\/v2\/media?parent=694"}],"curies":[{"name":"wp","href":"https:\/\/api.w.org\/{rel}","templated":true}]}}